{"id":6177,"date":"2025-11-28T14:23:20","date_gmt":"2025-11-28T14:23:20","guid":{"rendered":"https:\/\/campusvirtual.ufps.edu.co\/maestria-tic\/?page_id=6177"},"modified":"2025-11-28T14:25:03","modified_gmt":"2025-11-28T14:25:03","slug":"educacion-digital-inclusiva-y-accesible","status":"publish","type":"page","link":"https:\/\/campusvirtual.ufps.edu.co\/maestria-tic\/investigacion-extension\/proyectos-de-investigacion\/educacion-digital-inclusiva-y-accesible\/","title":{"rendered":"Educaci\u00f3n Digital Inclusiva y Accesible"},"content":{"rendered":"\t\t<div data-elementor-type=\"wp-page\" data-elementor-id=\"6177\" class=\"elementor elementor-6177\" data-elementor-post-type=\"page\">\n\t\t\t\t\t\t<section class=\"elementor-section elementor-top-section elementor-element elementor-element-2e6c4d11 elementor-section-boxed elementor-section-height-default elementor-section-height-default elementor-invisible\" data-id=\"2e6c4d11\" data-element_type=\"section\" data-e-type=\"section\" data-settings=\"{&quot;animation&quot;:&quot;fadeIn&quot;}\">\n\t\t\t\t\t\t<div class=\"elementor-container elementor-column-gap-default\">\n\t\t\t\t\t<div class=\"elementor-column elementor-col-100 elementor-top-column elementor-element elementor-element-3353532b\" data-id=\"3353532b\" data-element_type=\"column\" data-e-type=\"column\">\n\t\t\t<div class=\"elementor-widget-wrap elementor-element-populated\">\n\t\t\t\t\t\t<section class=\"elementor-section elementor-inner-section elementor-element elementor-element-74fab35c elementor-section-boxed elementor-section-height-default elementor-section-height-default\" data-id=\"74fab35c\" data-element_type=\"section\" data-e-type=\"section\">\n\t\t\t\t\t\t<div class=\"elementor-container elementor-column-gap-default\">\n\t\t\t\t\t<div class=\"elementor-column elementor-col-100 elementor-inner-column elementor-element elementor-element-5cb5f6fd\" data-id=\"5cb5f6fd\" data-element_type=\"column\" data-e-type=\"column\">\n\t\t\t<div class=\"elementor-widget-wrap elementor-element-populated\">\n\t\t\t\t\t\t<section class=\"elementor-section elementor-inner-section elementor-element elementor-element-29cb312f elementor-section-boxed elementor-section-height-default elementor-section-height-default\" data-id=\"29cb312f\" data-element_type=\"section\" data-e-type=\"section\">\n\t\t\t\t\t\t<div class=\"elementor-container elementor-column-gap-wide\">\n\t\t\t\t\t<div class=\"elementor-column elementor-col-100 elementor-inner-column elementor-element elementor-element-2cfb5118\" data-id=\"2cfb5118\" data-element_type=\"column\" data-e-type=\"column\">\n\t\t\t<div class=\"elementor-widget-wrap elementor-element-populated\">\n\t\t\t\t\t\t<div class=\"elementor-element elementor-element-1b84a634 elementor-widget elementor-widget-heading\" data-id=\"1b84a634\" data-element_type=\"widget\" data-e-type=\"widget\" data-widget_type=\"heading.default\">\n\t\t\t\t<div class=\"elementor-widget-container\">\n\t\t\t\t\t<h3 class=\"elementor-heading-title elementor-size-default\">Educaci\u00f3n Digital Inclusiva y Accesible<\/h3>\t\t\t\t<\/div>\n\t\t\t\t<\/div>\n\t\t\t\t\t<\/div>\n\t\t<\/div>\n\t\t\t\t\t<\/div>\n\t\t<\/section>\n\t\t\t\t<section class=\"elementor-section elementor-inner-section elementor-element elementor-element-7a535065 elementor-section-boxed elementor-section-height-default elementor-section-height-default\" data-id=\"7a535065\" data-element_type=\"section\" data-e-type=\"section\">\n\t\t\t\t\t\t<div class=\"elementor-container elementor-column-gap-wide\">\n\t\t\t\t\t<div class=\"elementor-column elementor-col-50 elementor-inner-column elementor-element elementor-element-3c33b7fa\" data-id=\"3c33b7fa\" data-element_type=\"column\" data-e-type=\"column\">\n\t\t\t<div class=\"elementor-widget-wrap elementor-element-populated\">\n\t\t\t\t\t\t<div class=\"elementor-element elementor-element-1411128d elementor-widget elementor-widget-heading\" data-id=\"1411128d\" data-element_type=\"widget\" data-e-type=\"widget\" data-widget_type=\"heading.default\">\n\t\t\t\t<div class=\"elementor-widget-container\">\n\t\t\t\t\t<h5 class=\"elementor-heading-title elementor-size-default\">Resumen<\/h5>\t\t\t\t<\/div>\n\t\t\t\t<\/div>\n\t\t\t\t<div class=\"elementor-element elementor-element-fd83990 elementor-widget elementor-widget-text-editor\" data-id=\"fd83990\" data-element_type=\"widget\" data-e-type=\"widget\" data-widget_type=\"text-editor.default\">\n\t\t\t\t<div class=\"elementor-widget-container\">\n\t\t\t\t\t\t\t\t\t<p>Investiga tecnolog\u00edas y estrategias para garantizar inclusi\u00f3n, accesibilidad y equidad en ambientes digitales.<\/p>\t\t\t\t\t\t\t\t<\/div>\n\t\t\t\t<\/div>\n\t\t\t\t\t<\/div>\n\t\t<\/div>\n\t\t\t\t<div class=\"elementor-column elementor-col-50 elementor-inner-column elementor-element elementor-element-55acb164\" data-id=\"55acb164\" data-element_type=\"column\" data-e-type=\"column\">\n\t\t\t<div class=\"elementor-widget-wrap elementor-element-populated\">\n\t\t\t\t\t\t<div class=\"elementor-element elementor-element-7aa08f50 elementor-widget elementor-widget-heading\" data-id=\"7aa08f50\" data-element_type=\"widget\" data-e-type=\"widget\" data-widget_type=\"heading.default\">\n\t\t\t\t<div class=\"elementor-widget-container\">\n\t\t\t\t\t<h5 class=\"elementor-heading-title elementor-size-default\">Autores<\/h5>\t\t\t\t<\/div>\n\t\t\t\t<\/div>\n\t\t\t\t<div class=\"elementor-element elementor-element-5bba5ba4 elementor-widget elementor-widget-text-editor\" data-id=\"5bba5ba4\" data-element_type=\"widget\" data-e-type=\"widget\" data-widget_type=\"text-editor.default\">\n\t\t\t\t<div class=\"elementor-widget-container\">\n\t\t\t\t\t\t\t\t\t<ul><li>\u00a0<\/li><\/ul>\t\t\t\t\t\t\t\t<\/div>\n\t\t\t\t<\/div>\n\t\t\t\t\t<\/div>\n\t\t<\/div>\n\t\t\t\t\t<\/div>\n\t\t<\/section>\n\t\t\t\t<section class=\"elementor-section elementor-inner-section elementor-element elementor-element-24747298 elementor-section-boxed elementor-section-height-default elementor-section-height-default\" data-id=\"24747298\" data-element_type=\"section\" data-e-type=\"section\">\n\t\t\t\t\t\t<div class=\"elementor-container elementor-column-gap-wide\">\n\t\t\t\t\t<div class=\"elementor-column elementor-col-50 elementor-inner-column elementor-element elementor-element-7e24d295\" data-id=\"7e24d295\" data-element_type=\"column\" data-e-type=\"column\">\n\t\t\t<div class=\"elementor-widget-wrap elementor-element-populated\">\n\t\t\t\t\t\t<div class=\"elementor-element elementor-element-3544fa3c elementor-widget elementor-widget-heading\" data-id=\"3544fa3c\" data-element_type=\"widget\" data-e-type=\"widget\" data-widget_type=\"heading.default\">\n\t\t\t\t<div class=\"elementor-widget-container\">\n\t\t\t\t\t<h5 class=\"elementor-heading-title elementor-size-default\">Objetivo General<\/h5>\t\t\t\t<\/div>\n\t\t\t\t<\/div>\n\t\t\t\t<div class=\"elementor-element elementor-element-161bc2dd elementor-widget elementor-widget-text-editor\" data-id=\"161bc2dd\" data-element_type=\"widget\" data-e-type=\"widget\" data-widget_type=\"text-editor.default\">\n\t\t\t\t<div class=\"elementor-widget-container\">\n\t\t\t\t\t\t\t\t\t<p>Desarrollar propuestas inclusivas que eliminen barreras de acceso y participaci\u00f3n en entornos digitales.<\/p>\t\t\t\t\t\t\t\t<\/div>\n\t\t\t\t<\/div>\n\t\t\t\t\t<\/div>\n\t\t<\/div>\n\t\t\t\t<div class=\"elementor-column elementor-col-50 elementor-inner-column elementor-element elementor-element-2363960f\" data-id=\"2363960f\" data-element_type=\"column\" data-e-type=\"column\">\n\t\t\t<div class=\"elementor-widget-wrap elementor-element-populated\">\n\t\t\t\t\t\t<div class=\"elementor-element elementor-element-e6dd8de elementor-widget elementor-widget-heading\" data-id=\"e6dd8de\" data-element_type=\"widget\" data-e-type=\"widget\" data-widget_type=\"heading.default\">\n\t\t\t\t<div class=\"elementor-widget-container\">\n\t\t\t\t\t<h5 class=\"elementor-heading-title elementor-size-default\">Objetivos Espec\u00edficos<\/h5>\t\t\t\t<\/div>\n\t\t\t\t<\/div>\n\t\t\t\t<div class=\"elementor-element elementor-element-3cd1f82f elementor-widget elementor-widget-text-editor\" data-id=\"3cd1f82f\" data-element_type=\"widget\" data-e-type=\"widget\" data-widget_type=\"text-editor.default\">\n\t\t\t\t<div class=\"elementor-widget-container\">\n\t\t\t\t\t\t\t\t\t<ul><li style=\"font-weight: 400\"><span style=\"font-weight: 400\">Dise\u00f1ar recursos accesibles (WCAG 2.2).<\/span><p>\u00a0<\/p><\/li><li style=\"font-weight: 400\"><span style=\"font-weight: 400\">Evaluar accesibilidad en plataformas educativas.<\/span><p>\u00a0<\/p><\/li><li style=\"font-weight: 400\"><span style=\"font-weight: 400\">Aplicar tecnolog\u00edas asistivas.<\/span><p>\u00a0<\/p><\/li><li style=\"font-weight: 400\"><span style=\"font-weight: 400\">Proponer modelos inclusivos basados en TIC.<\/span><\/li><\/ul>\t\t\t\t\t\t\t\t<\/div>\n\t\t\t\t<\/div>\n\t\t\t\t\t<\/div>\n\t\t<\/div>\n\t\t\t\t\t<\/div>\n\t\t<\/section>\n\t\t\t\t<section class=\"elementor-section elementor-inner-section elementor-element elementor-element-592ab505 elementor-section-boxed elementor-section-height-default elementor-section-height-default\" data-id=\"592ab505\" data-element_type=\"section\" data-e-type=\"section\">\n\t\t\t\t\t\t<div class=\"elementor-container elementor-column-gap-wide\">\n\t\t\t\t\t<div class=\"elementor-column elementor-col-100 elementor-inner-column elementor-element elementor-element-2fbcd0c0\" data-id=\"2fbcd0c0\" data-element_type=\"column\" data-e-type=\"column\">\n\t\t\t<div class=\"elementor-widget-wrap elementor-element-populated\">\n\t\t\t\t\t\t<div class=\"elementor-element elementor-element-35c09876 elementor-widget elementor-widget-heading\" data-id=\"35c09876\" data-element_type=\"widget\" data-e-type=\"widget\" data-widget_type=\"heading.default\">\n\t\t\t\t<div class=\"elementor-widget-container\">\n\t\t\t\t\t<h5 class=\"elementor-heading-title elementor-size-default\"><span style=\"font-size: 1.25rem\">Metodolog\u00eda <\/span><span style=\"font-size: 1.25rem;font-style: inherit\"><\/span><br><\/h5>\t\t\t\t<\/div>\n\t\t\t\t<\/div>\n\t\t\t\t<div class=\"elementor-element elementor-element-7dc16348 elementor-widget elementor-widget-text-editor\" data-id=\"7dc16348\" data-element_type=\"widget\" data-e-type=\"widget\" data-widget_type=\"text-editor.default\">\n\t\t\t\t<div class=\"elementor-widget-container\">\n\t\t\t\t\t\t\t\t\t<p>Pruebas de accesibilidad, dise\u00f1o universal, investigaci\u00f3n acci\u00f3n inclusiva.<\/p>\t\t\t\t\t\t\t\t<\/div>\n\t\t\t\t<\/div>\n\t\t\t\t\t<\/div>\n\t\t<\/div>\n\t\t\t\t\t<\/div>\n\t\t<\/section>\n\t\t\t\t<section class=\"elementor-section elementor-inner-section elementor-element elementor-element-4fcf0d4e elementor-section-boxed elementor-section-height-default elementor-section-height-default\" data-id=\"4fcf0d4e\" data-element_type=\"section\" data-e-type=\"section\">\n\t\t\t\t\t\t<div class=\"elementor-container elementor-column-gap-wide\">\n\t\t\t\t\t<div class=\"elementor-column elementor-col-100 elementor-inner-column elementor-element elementor-element-1277d759\" data-id=\"1277d759\" data-element_type=\"column\" data-e-type=\"column\">\n\t\t\t<div class=\"elementor-widget-wrap elementor-element-populated\">\n\t\t\t\t\t\t<div class=\"elementor-element elementor-element-50731fc elementor-widget elementor-widget-heading\" data-id=\"50731fc\" data-element_type=\"widget\" data-e-type=\"widget\" data-widget_type=\"heading.default\">\n\t\t\t\t<div class=\"elementor-widget-container\">\n\t\t\t\t\t<h5 class=\"elementor-heading-title elementor-size-default\"><span style=\"font-size: 1.25rem\">Resultados<\/span><\/h5>\t\t\t\t<\/div>\n\t\t\t\t<\/div>\n\t\t\t\t<div class=\"elementor-element elementor-element-43c705d elementor-widget elementor-widget-heading\" data-id=\"43c705d\" data-element_type=\"widget\" data-e-type=\"widget\" data-widget_type=\"heading.default\">\n\t\t\t\t<div class=\"elementor-widget-container\">\n\t\t\t\t\t<h5 class=\"elementor-heading-title elementor-size-default\">Cientificos<\/h5>\t\t\t\t<\/div>\n\t\t\t\t<\/div>\n\t\t\t\t<div class=\"elementor-element elementor-element-5735d962 elementor-widget elementor-widget-accordion\" data-id=\"5735d962\" data-element_type=\"widget\" data-e-type=\"widget\" data-widget_type=\"accordion.default\">\n\t\t\t\t<div class=\"elementor-widget-container\">\n\t\t\t\t\t\t\t<div class=\"elementor-accordion\">\n\t\t\t\t\t\t\t<div class=\"elementor-accordion-item\">\n\t\t\t\t\t<div id=\"elementor-tab-title-1461\" class=\"elementor-tab-title\" data-tab=\"1\" role=\"button\" aria-controls=\"elementor-tab-content-1461\" aria-expanded=\"false\">\n\t\t\t\t\t\t\t\t\t\t\t\t\t<span class=\"elementor-accordion-icon elementor-accordion-icon-left\" aria-hidden=\"true\">\n\t\t\t\t\t\t\t\t\t\t\t\t\t\t\t<span class=\"elementor-accordion-icon-closed\"><i class=\"fas fa-plus\"><\/i><\/span>\n\t\t\t\t\t\t\t\t<span class=\"elementor-accordion-icon-opened\"><i class=\"fas fa-minus\"><\/i><\/span>\n\t\t\t\t\t\t\t\t\t\t\t\t\t\t<\/span>\n\t\t\t\t\t\t\t\t\t\t\t\t<a class=\"elementor-accordion-title\" tabindex=\"0\">Tesis<\/a>\n\t\t\t\t\t<\/div>\n\t\t\t\t\t<div id=\"elementor-tab-content-1461\" class=\"elementor-tab-content elementor-clearfix\" data-tab=\"1\" role=\"region\" aria-labelledby=\"elementor-tab-title-1461\"><\/div>\n\t\t\t\t<\/div>\n\t\t\t\t\t\t\t\t<\/div>\n\t\t\t\t\t\t<\/div>\n\t\t\t\t<\/div>\n\t\t\t\t\t<\/div>\n\t\t<\/div>\n\t\t\t\t\t<\/div>\n\t\t<\/section>\n\t\t\t\t\t<\/div>\n\t\t<\/div>\n\t\t\t\t\t<\/div>\n\t\t<\/section>\n\t\t\t\t\t<\/div>\n\t\t<\/div>\n\t\t\t\t\t<\/div>\n\t\t<\/section>\n\t\t\t\t<\/div>\n\t\t","protected":false},"excerpt":{"rendered":"<p>Educaci\u00f3n Digital Inclusiva y Accesible Resumen Investiga tecnolog\u00edas y estrategias para garantizar inclusi\u00f3n, accesibilidad y equidad en ambientes digitales. Autores \u00a0 Objetivo General Desarrollar propuestas inclusivas que eliminen barreras de acceso y participaci\u00f3n en entornos digitales. Objetivos Espec\u00edficos Dise\u00f1ar recursos accesibles (WCAG 2.2). \u00a0 Evaluar accesibilidad en plataformas educativas. \u00a0 Aplicar tecnolog\u00edas asistivas. \u00a0 Proponer [&hellip;]<\/p>\n","protected":false},"author":13,"featured_media":0,"parent":5857,"menu_order":0,"comment_status":"closed","ping_status":"closed","template":"","meta":{"_acf_changed":false,"_uag_custom_page_level_css":"","site-sidebar-layout":"no-sidebar","site-content-layout":"","ast-site-content-layout":"full-width-container","site-content-style":"default","site-sidebar-style":"default","ast-global-header-display":"","ast-banner-title-visibility":"","ast-main-header-display":"","ast-hfb-above-header-display":"","ast-hfb-below-header-display":"","ast-hfb-mobile-header-display":"","site-post-title":"","ast-breadcrumbs-content":"","ast-featured-img":"disabled","footer-sml-layout":"","ast-disable-related-posts":"","theme-transparent-header-meta":"","adv-header-id-meta":"","stick-header-meta":"","header-above-stick-meta":"","header-main-stick-meta":"","header-below-stick-meta":"","astra-migrate-meta-layouts":"default","ast-page-background-enabled":"default","ast-page-background-meta":{"desktop":{"background-color":"var(--ast-global-color-4)","background-image":"","background-repeat":"repeat","background-position":"center center","background-size":"auto","background-attachment":"scroll","background-type":"","background-media":"","overlay-type":"","overlay-color":"","overlay-opacity":"","overlay-gradient":""},"tablet":{"background-color":"","background-image":"","background-repeat":"repeat","background-position":"center center","background-size":"auto","background-attachment":"scroll","background-type":"","background-media":"","overlay-type":"","overlay-color":"","overlay-opacity":"","overlay-gradient":""},"mobile":{"background-color":"","background-image":"","background-repeat":"repeat","background-position":"center center","background-size":"auto","background-attachment":"scroll","background-type":"","background-media":"","overlay-type":"","overlay-color":"","overlay-opacity":"","overlay-gradient":""}},"ast-content-background-meta":{"desktop":{"background-color":"var(--ast-global-color-5)","background-image":"","background-repeat":"repeat","background-position":"center center","background-size":"auto","background-attachment":"scroll","background-type":"","background-media":"","overlay-type":"","overlay-color":"","overlay-opacity":"","overlay-gradient":""},"tablet":{"background-color":"var(--ast-global-color-5)","background-image":"","background-repeat":"repeat","background-position":"center center","background-size":"auto","background-attachment":"scroll","background-type":"","background-media":"","overlay-type":"","overlay-color":"","overlay-opacity":"","overlay-gradient":""},"mobile":{"background-color":"var(--ast-global-color-5)","background-image":"","background-repeat":"repeat","background-position":"center center","background-size":"auto","background-attachment":"scroll","background-type":"","background-media":"","overlay-type":"","overlay-color":"","overlay-opacity":"","overlay-gradient":""}},"footnotes":""},"class_list":["post-6177","page","type-page","status-publish","hentry"],"acf":[],"yoast_head":"<!-- This site is optimized with the Yoast SEO plugin v27.3 - https:\/\/yoast.com\/product\/yoast-seo-wordpress\/ -->\n<title>Educaci\u00f3n Digital Inclusiva y Accesible -<\/title>\n<meta name=\"robots\" content=\"index, follow, max-snippet:-1, max-image-preview:large, max-video-preview:-1\" \/>\n<link rel=\"canonical\" href=\"https:\/\/campusvirtual.ufps.edu.co\/maestria-tic\/investigacion-extension\/proyectos-de-investigacion\/educacion-digital-inclusiva-y-accesible\/\" \/>\n<meta property=\"og:locale\" content=\"en_US\" \/>\n<meta property=\"og:type\" content=\"article\" \/>\n<meta property=\"og:title\" content=\"Educaci\u00f3n Digital Inclusiva y Accesible -\" \/>\n<meta property=\"og:description\" content=\"Educaci\u00f3n Digital Inclusiva y Accesible Resumen Investiga tecnolog\u00edas y estrategias para garantizar inclusi\u00f3n, accesibilidad y equidad en ambientes digitales. Autores \u00a0 Objetivo General Desarrollar propuestas inclusivas que eliminen barreras de acceso y participaci\u00f3n en entornos digitales. Objetivos Espec\u00edficos Dise\u00f1ar recursos accesibles (WCAG 2.2). \u00a0 Evaluar accesibilidad en plataformas educativas. \u00a0 Aplicar tecnolog\u00edas asistivas. \u00a0 Proponer [&hellip;]\" \/>\n<meta property=\"og:url\" content=\"https:\/\/campusvirtual.ufps.edu.co\/maestria-tic\/investigacion-extension\/proyectos-de-investigacion\/educacion-digital-inclusiva-y-accesible\/\" \/>\n<meta property=\"article:modified_time\" content=\"2025-11-28T14:25:03+00:00\" \/>\n<meta name=\"twitter:card\" content=\"summary_large_image\" \/>\n<meta name=\"twitter:label1\" content=\"Est. reading time\" \/>\n\t<meta name=\"twitter:data1\" content=\"1 minute\" \/>\n<script type=\"application\/ld+json\" class=\"yoast-schema-graph\">{\"@context\":\"https:\\\/\\\/schema.org\",\"@graph\":[{\"@type\":\"WebPage\",\"@id\":\"https:\\\/\\\/campusvirtual.ufps.edu.co\\\/maestria-tic\\\/investigacion-extension\\\/proyectos-de-investigacion\\\/educacion-digital-inclusiva-y-accesible\\\/\",\"url\":\"https:\\\/\\\/campusvirtual.ufps.edu.co\\\/maestria-tic\\\/investigacion-extension\\\/proyectos-de-investigacion\\\/educacion-digital-inclusiva-y-accesible\\\/\",\"name\":\"Educaci\u00f3n Digital Inclusiva y Accesible -\",\"isPartOf\":{\"@id\":\"https:\\\/\\\/campusvirtual.ufps.edu.co\\\/maestria-tic\\\/#website\"},\"datePublished\":\"2025-11-28T14:23:20+00:00\",\"dateModified\":\"2025-11-28T14:25:03+00:00\",\"breadcrumb\":{\"@id\":\"https:\\\/\\\/campusvirtual.ufps.edu.co\\\/maestria-tic\\\/investigacion-extension\\\/proyectos-de-investigacion\\\/educacion-digital-inclusiva-y-accesible\\\/#breadcrumb\"},\"inLanguage\":\"en-US\",\"potentialAction\":[{\"@type\":\"ReadAction\",\"target\":[\"https:\\\/\\\/campusvirtual.ufps.edu.co\\\/maestria-tic\\\/investigacion-extension\\\/proyectos-de-investigacion\\\/educacion-digital-inclusiva-y-accesible\\\/\"]}]},{\"@type\":\"BreadcrumbList\",\"@id\":\"https:\\\/\\\/campusvirtual.ufps.edu.co\\\/maestria-tic\\\/investigacion-extension\\\/proyectos-de-investigacion\\\/educacion-digital-inclusiva-y-accesible\\\/#breadcrumb\",\"itemListElement\":[{\"@type\":\"ListItem\",\"position\":1,\"name\":\"Presentaci\u00f3n\",\"item\":\"https:\\\/\\\/campusvirtual.ufps.edu.co\\\/maestria-tic\\\/\"},{\"@type\":\"ListItem\",\"position\":2,\"name\":\"Investigaci\u00f3n &#8211; Extensi\u00f3n\",\"item\":\"https:\\\/\\\/campusvirtual.ufps.edu.co\\\/maestria-tic\\\/investigacion-extension\\\/\"},{\"@type\":\"ListItem\",\"position\":3,\"name\":\"Proyectos de Investigaci\u00f3n\",\"item\":\"https:\\\/\\\/campusvirtual.ufps.edu.co\\\/maestria-tic\\\/investigacion-extension\\\/proyectos-de-investigacion\\\/\"},{\"@type\":\"ListItem\",\"position\":4,\"name\":\"Educaci\u00f3n Digital Inclusiva y Accesible\"}]},{\"@type\":\"WebSite\",\"@id\":\"https:\\\/\\\/campusvirtual.ufps.edu.co\\\/maestria-tic\\\/#website\",\"url\":\"https:\\\/\\\/campusvirtual.ufps.edu.co\\\/maestria-tic\\\/\",\"name\":\"\",\"description\":\"Maestr\u00eda en TIC\",\"potentialAction\":[{\"@type\":\"SearchAction\",\"target\":{\"@type\":\"EntryPoint\",\"urlTemplate\":\"https:\\\/\\\/campusvirtual.ufps.edu.co\\\/maestria-tic\\\/?s={search_term_string}\"},\"query-input\":{\"@type\":\"PropertyValueSpecification\",\"valueRequired\":true,\"valueName\":\"search_term_string\"}}],\"inLanguage\":\"en-US\"}]}<\/script>\n<!-- \/ Yoast SEO plugin. -->","yoast_head_json":{"title":"Educaci\u00f3n Digital Inclusiva y Accesible -","robots":{"index":"index","follow":"follow","max-snippet":"max-snippet:-1","max-image-preview":"max-image-preview:large","max-video-preview":"max-video-preview:-1"},"canonical":"https:\/\/campusvirtual.ufps.edu.co\/maestria-tic\/investigacion-extension\/proyectos-de-investigacion\/educacion-digital-inclusiva-y-accesible\/","og_locale":"en_US","og_type":"article","og_title":"Educaci\u00f3n Digital Inclusiva y Accesible -","og_description":"Educaci\u00f3n Digital Inclusiva y Accesible Resumen Investiga tecnolog\u00edas y estrategias para garantizar inclusi\u00f3n, accesibilidad y equidad en ambientes digitales. Autores \u00a0 Objetivo General Desarrollar propuestas inclusivas que eliminen barreras de acceso y participaci\u00f3n en entornos digitales. Objetivos Espec\u00edficos Dise\u00f1ar recursos accesibles (WCAG 2.2). \u00a0 Evaluar accesibilidad en plataformas educativas. \u00a0 Aplicar tecnolog\u00edas asistivas. \u00a0 Proponer [&hellip;]","og_url":"https:\/\/campusvirtual.ufps.edu.co\/maestria-tic\/investigacion-extension\/proyectos-de-investigacion\/educacion-digital-inclusiva-y-accesible\/","article_modified_time":"2025-11-28T14:25:03+00:00","twitter_card":"summary_large_image","twitter_misc":{"Est. reading time":"1 minute"},"schema":{"@context":"https:\/\/schema.org","@graph":[{"@type":"WebPage","@id":"https:\/\/campusvirtual.ufps.edu.co\/maestria-tic\/investigacion-extension\/proyectos-de-investigacion\/educacion-digital-inclusiva-y-accesible\/","url":"https:\/\/campusvirtual.ufps.edu.co\/maestria-tic\/investigacion-extension\/proyectos-de-investigacion\/educacion-digital-inclusiva-y-accesible\/","name":"Educaci\u00f3n Digital Inclusiva y Accesible -","isPartOf":{"@id":"https:\/\/campusvirtual.ufps.edu.co\/maestria-tic\/#website"},"datePublished":"2025-11-28T14:23:20+00:00","dateModified":"2025-11-28T14:25:03+00:00","breadcrumb":{"@id":"https:\/\/campusvirtual.ufps.edu.co\/maestria-tic\/investigacion-extension\/proyectos-de-investigacion\/educacion-digital-inclusiva-y-accesible\/#breadcrumb"},"inLanguage":"en-US","potentialAction":[{"@type":"ReadAction","target":["https:\/\/campusvirtual.ufps.edu.co\/maestria-tic\/investigacion-extension\/proyectos-de-investigacion\/educacion-digital-inclusiva-y-accesible\/"]}]},{"@type":"BreadcrumbList","@id":"https:\/\/campusvirtual.ufps.edu.co\/maestria-tic\/investigacion-extension\/proyectos-de-investigacion\/educacion-digital-inclusiva-y-accesible\/#breadcrumb","itemListElement":[{"@type":"ListItem","position":1,"name":"Presentaci\u00f3n","item":"https:\/\/campusvirtual.ufps.edu.co\/maestria-tic\/"},{"@type":"ListItem","position":2,"name":"Investigaci\u00f3n &#8211; Extensi\u00f3n","item":"https:\/\/campusvirtual.ufps.edu.co\/maestria-tic\/investigacion-extension\/"},{"@type":"ListItem","position":3,"name":"Proyectos de Investigaci\u00f3n","item":"https:\/\/campusvirtual.ufps.edu.co\/maestria-tic\/investigacion-extension\/proyectos-de-investigacion\/"},{"@type":"ListItem","position":4,"name":"Educaci\u00f3n Digital Inclusiva y Accesible"}]},{"@type":"WebSite","@id":"https:\/\/campusvirtual.ufps.edu.co\/maestria-tic\/#website","url":"https:\/\/campusvirtual.ufps.edu.co\/maestria-tic\/","name":"","description":"Maestr\u00eda en TIC","potentialAction":[{"@type":"SearchAction","target":{"@type":"EntryPoint","urlTemplate":"https:\/\/campusvirtual.ufps.edu.co\/maestria-tic\/?s={search_term_string}"},"query-input":{"@type":"PropertyValueSpecification","valueRequired":true,"valueName":"search_term_string"}}],"inLanguage":"en-US"}]}},"uagb_featured_image_src":{"full":false,"thumbnail":false,"medium":false,"medium_large":false,"large":false,"1536x1536":false,"2048x2048":false},"uagb_author_info":{"display_name":"","author_link":"https:\/\/campusvirtual.ufps.edu.co\/maestria-tic\/blog\/author\/"},"uagb_comment_info":0,"uagb_excerpt":"Educaci\u00f3n Digital Inclusiva y Accesible Resumen Investiga tecnolog\u00edas y estrategias para garantizar inclusi\u00f3n, accesibilidad y equidad en ambientes digitales. Autores \u00a0 Objetivo General Desarrollar propuestas inclusivas que eliminen barreras de acceso y participaci\u00f3n en entornos digitales. Objetivos Espec\u00edficos Dise\u00f1ar recursos accesibles (WCAG 2.2). \u00a0 Evaluar accesibilidad en plataformas educativas. \u00a0 Aplicar tecnolog\u00edas asistivas. \u00a0 Proponer&hellip;","_links":{"self":[{"href":"https:\/\/campusvirtual.ufps.edu.co\/maestria-tic\/wp-json\/wp\/v2\/pages\/6177","targetHints":{"allow":["GET"]}}],"collection":[{"href":"https:\/\/campusvirtual.ufps.edu.co\/maestria-tic\/wp-json\/wp\/v2\/pages"}],"about":[{"href":"https:\/\/campusvirtual.ufps.edu.co\/maestria-tic\/wp-json\/wp\/v2\/types\/page"}],"author":[{"embeddable":true,"href":"https:\/\/campusvirtual.ufps.edu.co\/maestria-tic\/wp-json\/wp\/v2\/users\/13"}],"replies":[{"embeddable":true,"href":"https:\/\/campusvirtual.ufps.edu.co\/maestria-tic\/wp-json\/wp\/v2\/comments?post=6177"}],"version-history":[{"count":10,"href":"https:\/\/campusvirtual.ufps.edu.co\/maestria-tic\/wp-json\/wp\/v2\/pages\/6177\/revisions"}],"predecessor-version":[{"id":6188,"href":"https:\/\/campusvirtual.ufps.edu.co\/maestria-tic\/wp-json\/wp\/v2\/pages\/6177\/revisions\/6188"}],"up":[{"embeddable":true,"href":"https:\/\/campusvirtual.ufps.edu.co\/maestria-tic\/wp-json\/wp\/v2\/pages\/5857"}],"wp:attachment":[{"href":"https:\/\/campusvirtual.ufps.edu.co\/maestria-tic\/wp-json\/wp\/v2\/media?parent=6177"}],"curies":[{"name":"wp","href":"https:\/\/api.w.org\/{rel}","templated":true}]}}